{"id":5426,"date":"2026-03-13T10:53:37","date_gmt":"2026-03-13T13:53:37","guid":{"rendered":"https:\/\/uruamerica.com.uy\/urucomer\/?post_type=product&#038;p=5426"},"modified":"2026-03-13T10:55:49","modified_gmt":"2026-03-13T13:55:49","slug":"cartel-senalizacion-banos-caballero-100x100mm-acero-inoxidable-meaton","status":"publish","type":"product","link":"https:\/\/uruamerica.com.uy\/urucomer\/producto\/cartel-senalizacion-banos-caballero-100x100mm-acero-inoxidable-meaton\/","title":{"rendered":"Cartel Se\u00f1alizaci\u00f3n Ba\u00f1os Caballero 100\u00d7100mm Acero Inoxidable..."},"content":{"rendered":"<p><strong>Cartel Se\u00f1alizaci\u00f3n Ba\u00f1os Caballero 100\u00d7100mm Acero Inoxidable MEATON<\/strong><\/p>\n<p>Caracter\u00edsticas:<\/p>\n<ul>\n<li>Marca: Meaton.<\/li>\n<li>Espesor: 1,2mm.<\/li>\n<li>Medidas totales: 100\u00d7100mm.<\/li>\n<li>Fabricado en acero inoxidable.<\/li>\n<li>Garantiza larga duraci\u00f3n y calidad.<\/li>\n<\/ul>\n","protected":false},"excerpt":{"rendered":"<p><span style=\"color: #ff6600;\"><strong>Cartel Se\u00f1alizaci\u00f3n Ba\u00f1os Caballero 100\u00d7100mm Acero Inoxidable MEATON<\/strong><\/span><\/p>\n","protected":false},"featured_media":5481,"comment_status":"closed","ping_status":"closed","template":"","meta":[],"product_brand":[],"product_cat":[417],"product_tag":[],"class_list":{"0":"post-5426","1":"product","2":"type-product","3":"status-publish","4":"has-post-thumbnail","6":"product_cat-general","7":"image-hover-transition-effect","9":"first","10":"instock","11":"shipping-taxable","12":"purchasable","13":"product-type-simple"},"_links":{"self":[{"href":"https:\/\/uruamerica.com.uy\/urucomer\/wp-json\/wp\/v2\/product\/5426","targetHints":{"allow":["GET"]}}],"collection":[{"href":"https:\/\/uruamerica.com.uy\/urucomer\/wp-json\/wp\/v2\/product"}],"about":[{"href":"https:\/\/uruamerica.com.uy\/urucomer\/wp-json\/wp\/v2\/types\/product"}],"replies":[{"embeddable":true,"href":"https:\/\/uruamerica.com.uy\/urucomer\/wp-json\/wp\/v2\/comments?post=5426"}],"wp:featuredmedia":[{"embeddable":true,"href":"https:\/\/uruamerica.com.uy\/urucomer\/wp-json\/wp\/v2\/media\/5481"}],"wp:attachment":[{"href":"https:\/\/uruamerica.com.uy\/urucomer\/wp-json\/wp\/v2\/media?parent=5426"}],"wp:term":[{"taxonomy":"product_brand","embeddable":true,"href":"https:\/\/uruamerica.com.uy\/urucomer\/wp-json\/wp\/v2\/product_brand?post=5426"},{"taxonomy":"product_cat","embeddable":true,"href":"https:\/\/uruamerica.com.uy\/urucomer\/wp-json\/wp\/v2\/product_cat?post=5426"},{"taxonomy":"product_tag","embeddable":true,"href":"https:\/\/uruamerica.com.uy\/urucomer\/wp-json\/wp\/v2\/product_tag?post=5426"}],"curies":[{"name":"wp","href":"https:\/\/api.w.org\/{rel}","templated":true}]}}