{"id":4250,"date":"2026-03-13T10:15:33","date_gmt":"2026-03-13T13:15:33","guid":{"rendered":"https:\/\/uruamerica.com.uy\/urucomer\/?post_type=product&#038;p=4250"},"modified":"2026-03-13T10:18:14","modified_gmt":"2026-03-13T13:18:14","slug":"escuadra-angulo-doble-de-plastico-blanca-para-muebles","status":"publish","type":"product","link":"https:\/\/uruamerica.com.uy\/urucomer\/producto\/escuadra-angulo-doble-de-plastico-blanca-para-muebles\/","title":{"rendered":"Escuadra \u00c1ngulo Doble De Pl\u00e1stico Blanca Para..."},"content":{"rendered":"<p><strong>Escuadra \u00c1ngulo Doble De Pl\u00e1stico Blanca Para Muebles<\/strong><\/p>\n<p>Caracter\u00edsticas:<\/p>\n<ul>\n<li>Color: Blanco.<\/li>\n<li>Material: Pl\u00e1stico.<\/li>\n<li>Contiene dos tapas + 2 tornillos por cara.<\/li>\n<li>\u00c1ngulo esquinero para armado de muebles.<\/li>\n<li>Medidas: 43mm de largo x 21mm de ancho.<\/li>\n<\/ul>\n","protected":false},"excerpt":{"rendered":"<p><span style=\"color: #ff6600;\"><strong>Escuadra \u00c1ngulo Doble De Pl\u00e1stico Blanca Para Muebles<\/strong><\/span><\/p>\n","protected":false},"featured_media":4329,"comment_status":"closed","ping_status":"closed","template":"","meta":[],"product_brand":[],"product_cat":[443,417],"product_tag":[],"class_list":{"0":"post-4250","1":"product","2":"type-product","3":"status-publish","4":"has-post-thumbnail","6":"product_cat-escuadras-y-mensulas","7":"product_cat-general","8":"image-hover-transition-effect","10":"first","11":"instock","12":"shipping-taxable","13":"purchasable","14":"product-type-simple"},"_links":{"self":[{"href":"https:\/\/uruamerica.com.uy\/urucomer\/wp-json\/wp\/v2\/product\/4250","targetHints":{"allow":["GET"]}}],"collection":[{"href":"https:\/\/uruamerica.com.uy\/urucomer\/wp-json\/wp\/v2\/product"}],"about":[{"href":"https:\/\/uruamerica.com.uy\/urucomer\/wp-json\/wp\/v2\/types\/product"}],"replies":[{"embeddable":true,"href":"https:\/\/uruamerica.com.uy\/urucomer\/wp-json\/wp\/v2\/comments?post=4250"}],"wp:featuredmedia":[{"embeddable":true,"href":"https:\/\/uruamerica.com.uy\/urucomer\/wp-json\/wp\/v2\/media\/4329"}],"wp:attachment":[{"href":"https:\/\/uruamerica.com.uy\/urucomer\/wp-json\/wp\/v2\/media?parent=4250"}],"wp:term":[{"taxonomy":"product_brand","embeddable":true,"href":"https:\/\/uruamerica.com.uy\/urucomer\/wp-json\/wp\/v2\/product_brand?post=4250"},{"taxonomy":"product_cat","embeddable":true,"href":"https:\/\/uruamerica.com.uy\/urucomer\/wp-json\/wp\/v2\/product_cat?post=4250"},{"taxonomy":"product_tag","embeddable":true,"href":"https:\/\/uruamerica.com.uy\/urucomer\/wp-json\/wp\/v2\/product_tag?post=4250"}],"curies":[{"name":"wp","href":"https:\/\/api.w.org\/{rel}","templated":true}]}}