{"id":4174,"date":"2026-03-13T10:13:56","date_gmt":"2026-03-13T13:13:56","guid":{"rendered":"https:\/\/uruamerica.com.uy\/urucomer\/?post_type=product&#038;p=4174"},"modified":"2026-03-13T10:14:35","modified_gmt":"2026-03-13T13:14:35","slug":"burlete-autoadhesivo-de-espuma-5-metros-suprabond","status":"publish","type":"product","link":"https:\/\/uruamerica.com.uy\/urucomer\/producto\/burlete-autoadhesivo-de-espuma-5-metros-suprabond\/","title":{"rendered":"Burlete Autoadhesivo De Espuma 5 Metros SUPRABOND"},"content":{"rendered":"<p><strong>Burlete Autoadhesivo De Espuma 5 Metros SUPRABOND<\/strong><\/p>\n<p>Caracter\u00edsticas:<\/p>\n<ul>\n<li>Largo: 5 metros.<\/li>\n<li>Marca: Suprabond.<\/li>\n<li>Dura hasta 3 a\u00f1os.<\/li>\n<li>A\u00edsla los ruidos exteriores.<\/li>\n<li>Amortigua los golpes de las puertas.<\/li>\n<li>Reduce sensiblemente los gastos de calefacci\u00f3n y refrigeraci\u00f3n.<\/li>\n<li>Impide el paso del viento (fr\u00edo o caliente), as\u00ed como tambi\u00e9n la entrada de polvo.<\/li>\n<li>Permite hermetizar (sin herramientas), puertas y ventanas en forma r\u00e1pida y econ\u00f3mica.<\/li>\n<li>Se aplica en puertas, ventanas y dem\u00e1s aberturas donde se requiera la absorci\u00f3n de golpes y evitar el paso de agua, corrientes de aire, polvo y ruidos.<\/li>\n<\/ul>\n<p>Modelos:<\/p>\n<ul>\n<li>Normal: 5 metros x 5mm x 5mm.<\/li>\n<li>Doble espesor: 5 metros x 10mm x 10mm.<\/li>\n<li>Extra ancho: 5 metros x 20mm x 10mm.<\/li>\n<\/ul>\n","protected":false},"excerpt":{"rendered":"<p><span style=\"color: #ff6600;\"><strong>Burlete Autoadhesivo De Espuma 5 Metros SUPRABOND<\/strong><\/span><\/p>\n","protected":false},"featured_media":4190,"comment_status":"open","ping_status":"closed","template":"","meta":[],"product_brand":[],"product_cat":[417,941],"product_tag":[],"class_list":{"0":"post-4174","1":"product","2":"type-product","3":"status-publish","4":"has-post-thumbnail","6":"product_cat-general","7":"product_cat-zocalos-y-burletes","8":"image-hover-transition-effect","10":"first","11":"instock","12":"shipping-taxable","13":"purchasable","14":"product-type-variable"},"_links":{"self":[{"href":"https:\/\/uruamerica.com.uy\/urucomer\/wp-json\/wp\/v2\/product\/4174","targetHints":{"allow":["GET"]}}],"collection":[{"href":"https:\/\/uruamerica.com.uy\/urucomer\/wp-json\/wp\/v2\/product"}],"about":[{"href":"https:\/\/uruamerica.com.uy\/urucomer\/wp-json\/wp\/v2\/types\/product"}],"replies":[{"embeddable":true,"href":"https:\/\/uruamerica.com.uy\/urucomer\/wp-json\/wp\/v2\/comments?post=4174"}],"wp:featuredmedia":[{"embeddable":true,"href":"https:\/\/uruamerica.com.uy\/urucomer\/wp-json\/wp\/v2\/media\/4190"}],"wp:attachment":[{"href":"https:\/\/uruamerica.com.uy\/urucomer\/wp-json\/wp\/v2\/media?parent=4174"}],"wp:term":[{"taxonomy":"product_brand","embeddable":true,"href":"https:\/\/uruamerica.com.uy\/urucomer\/wp-json\/wp\/v2\/product_brand?post=4174"},{"taxonomy":"product_cat","embeddable":true,"href":"https:\/\/uruamerica.com.uy\/urucomer\/wp-json\/wp\/v2\/product_cat?post=4174"},{"taxonomy":"product_tag","embeddable":true,"href":"https:\/\/uruamerica.com.uy\/urucomer\/wp-json\/wp\/v2\/product_tag?post=4174"}],"curies":[{"name":"wp","href":"https:\/\/api.w.org\/{rel}","templated":true}]}}