{"id":4131,"date":"2026-03-13T10:12:33","date_gmt":"2026-03-13T13:12:33","guid":{"rendered":"https:\/\/uruamerica.com.uy\/urucomer\/?post_type=product&#038;p=4131"},"modified":"2026-03-13T10:13:55","modified_gmt":"2026-03-13T13:13:55","slug":"zocalo-doble-espuma-de-goma-suprabond","status":"publish","type":"product","link":"https:\/\/uruamerica.com.uy\/urucomer\/producto\/zocalo-doble-espuma-de-goma-suprabond\/","title":{"rendered":"Z\u00f3calo Doble Espuma De Goma SUPRABOND"},"content":{"rendered":"<p><strong>Z\u00f3calo Doble Espuma De Goma SUPRABOND<\/strong><\/p>\n<p>Caracter\u00edsticas:<\/p>\n<ul>\n<li>Colores: Blanco, gris y marr\u00f3n.<\/li>\n<li>Puede cubrir espacios de hasta 22mm.<\/li>\n<li>Tama\u00f1os: 95cm de largo y 120cm de largo.<\/li>\n<li>Se coloca en segundos sin la necesidad de atornillarlo ni pegarlo.<\/li>\n<li>Evita los golpes de picaportes en las paredes y cuida las superficies.<\/li>\n<li>Confeccionado en espuma de polietileno y recubrimiento de poli\u00e9ster.<\/li>\n<li>Soporta los desniveles del piso y funciona con cualquier superficie lisa.<\/li>\n<li>Evita la p\u00e9rdida de calefacci\u00f3n en invierno y mantiene la refrigeraci\u00f3n del ambiente en verano, generando ahorro energ\u00e9tico todo el a\u00f1o.<\/li>\n<\/ul>\n","protected":false},"excerpt":{"rendered":"<p><span style=\"color: #ff6600;\"><strong>Z\u00f3calo Doble Espuma De Goma SUPRABOND<\/strong><\/span><\/p>\n","protected":false},"featured_media":4169,"comment_status":"closed","ping_status":"closed","template":"","meta":[],"product_brand":[],"product_cat":[417,941],"product_tag":[],"class_list":{"0":"post-4131","1":"product","2":"type-product","3":"status-publish","4":"has-post-thumbnail","6":"product_cat-general","7":"product_cat-zocalos-y-burletes","8":"image-hover-transition-effect","10":"first","11":"instock","12":"shipping-taxable","13":"purchasable","14":"product-type-variable"},"_links":{"self":[{"href":"https:\/\/uruamerica.com.uy\/urucomer\/wp-json\/wp\/v2\/product\/4131","targetHints":{"allow":["GET"]}}],"collection":[{"href":"https:\/\/uruamerica.com.uy\/urucomer\/wp-json\/wp\/v2\/product"}],"about":[{"href":"https:\/\/uruamerica.com.uy\/urucomer\/wp-json\/wp\/v2\/types\/product"}],"replies":[{"embeddable":true,"href":"https:\/\/uruamerica.com.uy\/urucomer\/wp-json\/wp\/v2\/comments?post=4131"}],"wp:featuredmedia":[{"embeddable":true,"href":"https:\/\/uruamerica.com.uy\/urucomer\/wp-json\/wp\/v2\/media\/4169"}],"wp:attachment":[{"href":"https:\/\/uruamerica.com.uy\/urucomer\/wp-json\/wp\/v2\/media?parent=4131"}],"wp:term":[{"taxonomy":"product_brand","embeddable":true,"href":"https:\/\/uruamerica.com.uy\/urucomer\/wp-json\/wp\/v2\/product_brand?post=4131"},{"taxonomy":"product_cat","embeddable":true,"href":"https:\/\/uruamerica.com.uy\/urucomer\/wp-json\/wp\/v2\/product_cat?post=4131"},{"taxonomy":"product_tag","embeddable":true,"href":"https:\/\/uruamerica.com.uy\/urucomer\/wp-json\/wp\/v2\/product_tag?post=4131"}],"curies":[{"name":"wp","href":"https:\/\/api.w.org\/{rel}","templated":true}]}}