{"id":4085,"date":"2026-03-13T10:11:43","date_gmt":"2026-03-13T13:11:43","guid":{"rendered":"https:\/\/uruamerica.com.uy\/urucomer\/?post_type=product&#038;p=4085"},"modified":"2026-03-13T10:12:24","modified_gmt":"2026-03-13T13:12:24","slug":"electrodo-rutilico-esr-13-r13-25mm-magmaweld","status":"publish","type":"product","link":"https:\/\/uruamerica.com.uy\/urucomer\/producto\/electrodo-rutilico-esr-13-r13-25mm-magmaweld\/","title":{"rendered":"Electrodo Rut\u00edlico ESR-13 R13 2,5mm MAGMAWELD"},"content":{"rendered":"<p style=\"font-weight: 300;\"><strong>Electrodo Rut\u00edlico ESR-13 R13 2,5mm MAGMAWELD<\/strong><\/p>\n<p>Caracter\u00edsticas:<\/p>\n<ul>\n<li>Color: Gris.<\/li>\n<li>Largo: 35cm.<\/li>\n<li>Modelo: R13.<\/li>\n<li>Punta blanca.<\/li>\n<li>Di\u00e1metro: 2,5mm.<\/li>\n<li>Venta: Por kilo o por caja de 5 kilos.<\/li>\n<li>Corriente alterna y continua polo negativo (CA &#8211; CC -).<\/li>\n<li>Electrodo para toda posici\u00f3n, uso general en chapa y estructuras met\u00e1licas, carrocer\u00edas, Herrer\u00eda, etc.<\/li>\n<\/ul>\n","protected":false},"excerpt":{"rendered":"<p><span style=\"color: #ff6600;\"><strong>Electrodo Rut\u00edlico ESR-13 R13 2,5mm MAGMAWELD<\/strong><\/span><\/p>\n","protected":false},"featured_media":1598,"comment_status":"open","ping_status":"closed","template":"","meta":[],"product_brand":[],"product_cat":[576,216,577],"product_tag":[],"class_list":{"0":"post-4085","1":"product","2":"type-product","3":"status-publish","4":"has-post-thumbnail","6":"product_cat-electrodos","7":"product_cat-herreros","8":"product_cat-magmaweld","9":"image-hover-transition-effect","11":"first","12":"instock","13":"shipping-taxable","14":"purchasable","15":"product-type-variable"},"_links":{"self":[{"href":"https:\/\/uruamerica.com.uy\/urucomer\/wp-json\/wp\/v2\/product\/4085","targetHints":{"allow":["GET"]}}],"collection":[{"href":"https:\/\/uruamerica.com.uy\/urucomer\/wp-json\/wp\/v2\/product"}],"about":[{"href":"https:\/\/uruamerica.com.uy\/urucomer\/wp-json\/wp\/v2\/types\/product"}],"replies":[{"embeddable":true,"href":"https:\/\/uruamerica.com.uy\/urucomer\/wp-json\/wp\/v2\/comments?post=4085"}],"wp:featuredmedia":[{"embeddable":true,"href":"https:\/\/uruamerica.com.uy\/urucomer\/wp-json\/wp\/v2\/media\/1598"}],"wp:attachment":[{"href":"https:\/\/uruamerica.com.uy\/urucomer\/wp-json\/wp\/v2\/media?parent=4085"}],"wp:term":[{"taxonomy":"product_brand","embeddable":true,"href":"https:\/\/uruamerica.com.uy\/urucomer\/wp-json\/wp\/v2\/product_brand?post=4085"},{"taxonomy":"product_cat","embeddable":true,"href":"https:\/\/uruamerica.com.uy\/urucomer\/wp-json\/wp\/v2\/product_cat?post=4085"},{"taxonomy":"product_tag","embeddable":true,"href":"https:\/\/uruamerica.com.uy\/urucomer\/wp-json\/wp\/v2\/product_tag?post=4085"}],"curies":[{"name":"wp","href":"https:\/\/api.w.org\/{rel}","templated":true}]}}