{"id":3625,"date":"2026-03-13T00:25:16","date_gmt":"2026-03-13T03:25:16","guid":{"rendered":"https:\/\/uruamerica.com.uy\/urucomer\/?post_type=product&#038;p=3625"},"modified":"2026-03-13T00:28:12","modified_gmt":"2026-03-13T03:28:12","slug":"manijon-doble-recto-metalico-plata","status":"publish","type":"product","link":"https:\/\/uruamerica.com.uy\/urucomer\/producto\/manijon-doble-recto-metalico-plata\/","title":{"rendered":"Manij\u00f3n Doble Recto Met\u00e1lico Plata"},"content":{"rendered":"<p><strong>Manij\u00f3n Doble Recto Met\u00e1lico Plata<\/strong><\/p>\n<p>Caracter\u00edsticas:<\/p>\n<ul>\n<li>Color: Plata.<\/li>\n<li>Material: Met\u00e1lico.<\/li>\n<li>Cantidad de piezas: 2.<\/li>\n<li>Incluye: 2 tornillos de 8 cm, di\u00e1metro 6mm y 1 llave allen para ajustar todas las piezas.<\/li>\n<\/ul>\n<p>Disponible en tres tama\u00f1os:<\/p>\n<ul>\n<li>Chico: Peso: 400g; Largo: 30cm; Di\u00e1metro: 2,5cm; Largo de tornillo a tornillo: 20cm; Profundidad: 6,5cm.<\/li>\n<li>Mediano: Peso: 650g; Largo: 45cm; Di\u00e1metro: 3cm; Largo de tornillo a tornillo: 30cm; Profundidad: 7,5cm.<\/li>\n<li>Grande: Peso: 950g; Largo: 60cm; Di\u00e1metro: 3cm; Largo de tornillo a tornillo: 40cm; Profundidad: 7,5cm.<\/li>\n<\/ul>\n","protected":false},"excerpt":{"rendered":"<p><span style=\"color: #ff6600;\"><strong>Manij\u00f3n Doble Recto Met\u00e1lico Plata<\/strong><\/span><\/p>\n","protected":false},"featured_media":3685,"comment_status":"closed","ping_status":"closed","template":"","meta":[],"product_brand":[],"product_cat":[434,417,432],"product_tag":[],"class_list":{"0":"post-3625","1":"product","2":"type-product","3":"status-publish","4":"has-post-thumbnail","6":"product_cat-doble","7":"product_cat-general","8":"product_cat-pomos-y-manijones","9":"image-hover-transition-effect","11":"first","12":"instock","13":"shipping-taxable","14":"purchasable","15":"product-type-variable"},"_links":{"self":[{"href":"https:\/\/uruamerica.com.uy\/urucomer\/wp-json\/wp\/v2\/product\/3625","targetHints":{"allow":["GET"]}}],"collection":[{"href":"https:\/\/uruamerica.com.uy\/urucomer\/wp-json\/wp\/v2\/product"}],"about":[{"href":"https:\/\/uruamerica.com.uy\/urucomer\/wp-json\/wp\/v2\/types\/product"}],"replies":[{"embeddable":true,"href":"https:\/\/uruamerica.com.uy\/urucomer\/wp-json\/wp\/v2\/comments?post=3625"}],"wp:featuredmedia":[{"embeddable":true,"href":"https:\/\/uruamerica.com.uy\/urucomer\/wp-json\/wp\/v2\/media\/3685"}],"wp:attachment":[{"href":"https:\/\/uruamerica.com.uy\/urucomer\/wp-json\/wp\/v2\/media?parent=3625"}],"wp:term":[{"taxonomy":"product_brand","embeddable":true,"href":"https:\/\/uruamerica.com.uy\/urucomer\/wp-json\/wp\/v2\/product_brand?post=3625"},{"taxonomy":"product_cat","embeddable":true,"href":"https:\/\/uruamerica.com.uy\/urucomer\/wp-json\/wp\/v2\/product_cat?post=3625"},{"taxonomy":"product_tag","embeddable":true,"href":"https:\/\/uruamerica.com.uy\/urucomer\/wp-json\/wp\/v2\/product_tag?post=3625"}],"curies":[{"name":"wp","href":"https:\/\/api.w.org\/{rel}","templated":true}]}}