{"id":2003,"date":"2026-03-12T23:46:18","date_gmt":"2026-03-13T02:46:18","guid":{"rendered":"https:\/\/uruamerica.com.uy\/urucomer\/?post_type=product&#038;p=2003"},"modified":"2026-03-13T10:14:34","modified_gmt":"2026-03-13T13:14:34","slug":"bisagra-medio-vaiven-o-vaiven-simple-charolada-por-par","status":"publish","type":"product","link":"https:\/\/uruamerica.com.uy\/urucomer\/producto\/bisagra-medio-vaiven-o-vaiven-simple-charolada-por-par\/","title":{"rendered":"Bisagra Medio Vaiv\u00e9n O\u00a0Vaiv\u00e9n Simple Charolada Por..."},"content":{"rendered":"<p><strong>Bisagra Medio Vaiv\u00e9n O Vaiv\u00e9n Simple Charolada Por Par<\/strong><\/p>\n<p>Caracter\u00edsticas:<\/p>\n<ul>\n<li>Charolada.<\/li>\n<li>Vaiv\u00e9n simple.<\/li>\n<li>Medidas: 3\u2033 y 4\u2033.<\/li>\n<\/ul>\n","protected":false},"excerpt":{"rendered":"<p><span style=\"color: #ff6600;\"><strong>Bisagra Medio Vaiv\u00e9n O Vaiv\u00e9n Simple Charolada Por Par<\/strong><\/span><\/p>\n","protected":false},"featured_media":2032,"comment_status":"open","ping_status":"closed","template":"","meta":[],"product_brand":[],"product_cat":[711,270,23],"product_tag":[],"class_list":{"0":"post-2003","1":"product","2":"type-product","3":"status-publish","4":"has-post-thumbnail","6":"product_cat-bisagra-vaiven-y-mosquitero","7":"product_cat-bisagras-pomelas","8":"product_cat-carpinteros","9":"image-hover-transition-effect","11":"first","12":"instock","13":"shipping-taxable","14":"purchasable","15":"product-type-variable"},"_links":{"self":[{"href":"https:\/\/uruamerica.com.uy\/urucomer\/wp-json\/wp\/v2\/product\/2003","targetHints":{"allow":["GET"]}}],"collection":[{"href":"https:\/\/uruamerica.com.uy\/urucomer\/wp-json\/wp\/v2\/product"}],"about":[{"href":"https:\/\/uruamerica.com.uy\/urucomer\/wp-json\/wp\/v2\/types\/product"}],"replies":[{"embeddable":true,"href":"https:\/\/uruamerica.com.uy\/urucomer\/wp-json\/wp\/v2\/comments?post=2003"}],"wp:featuredmedia":[{"embeddable":true,"href":"https:\/\/uruamerica.com.uy\/urucomer\/wp-json\/wp\/v2\/media\/2032"}],"wp:attachment":[{"href":"https:\/\/uruamerica.com.uy\/urucomer\/wp-json\/wp\/v2\/media?parent=2003"}],"wp:term":[{"taxonomy":"product_brand","embeddable":true,"href":"https:\/\/uruamerica.com.uy\/urucomer\/wp-json\/wp\/v2\/product_brand?post=2003"},{"taxonomy":"product_cat","embeddable":true,"href":"https:\/\/uruamerica.com.uy\/urucomer\/wp-json\/wp\/v2\/product_cat?post=2003"},{"taxonomy":"product_tag","embeddable":true,"href":"https:\/\/uruamerica.com.uy\/urucomer\/wp-json\/wp\/v2\/product_tag?post=2003"}],"curies":[{"name":"wp","href":"https:\/\/api.w.org\/{rel}","templated":true}]}}