{"id":1270,"date":"2026-03-12T23:25:58","date_gmt":"2026-03-13T02:25:58","guid":{"rendered":"https:\/\/uruamerica.com.uy\/urucomer\/?post_type=product&#038;p=1270"},"modified":"2026-03-12T23:27:35","modified_gmt":"2026-03-13T02:27:35","slug":"regaton-o-tapa-para-cano-redondo","status":"publish","type":"product","link":"https:\/\/uruamerica.com.uy\/urucomer\/producto\/regaton-o-tapa-para-cano-redondo\/","title":{"rendered":"Regat\u00f3n O Tapa Para Ca\u00f1o Redondo"},"content":{"rendered":"<p><strong>Regat\u00f3n O Tapa Para Ca\u00f1o Redondo<\/strong><\/p>\n<p>Caracter\u00edsticas:<\/p>\n<ul>\n<li>Color: Negro.<\/li>\n<li>Material: PVC.<\/li>\n<\/ul>\n<p>Medidas:<\/p>\n<ul>\n<li>Medida por fuera: 2&#8243;; medida interna: 50mm.<\/li>\n<li>Medida por fuera: 2y1\/2&#8243;; medida interna: 65mm.<\/li>\n<li>Medida por fuera: 3&#8243;; medida interna: 75mm.<\/li>\n<\/ul>\n","protected":false},"excerpt":{"rendered":"<p><span style=\"color: #ff6600;\"><strong>Regat\u00f3n PVC Para Ca\u00f1o Redondo\u00a0<\/strong><\/span><\/p>\n","protected":false},"featured_media":1312,"comment_status":"closed","ping_status":"closed","template":"","meta":[],"product_brand":[],"product_cat":[216,290,403],"product_tag":[],"class_list":{"0":"post-1270","1":"product","2":"type-product","3":"status-publish","4":"has-post-thumbnail","6":"product_cat-herreros","7":"product_cat-regatones-y-gorros-de-chapa","8":"product_cat-tapa-plastico-redonda","9":"image-hover-transition-effect","11":"first","12":"instock","13":"shipping-taxable","14":"purchasable","15":"product-type-variable"},"_links":{"self":[{"href":"https:\/\/uruamerica.com.uy\/urucomer\/wp-json\/wp\/v2\/product\/1270","targetHints":{"allow":["GET"]}}],"collection":[{"href":"https:\/\/uruamerica.com.uy\/urucomer\/wp-json\/wp\/v2\/product"}],"about":[{"href":"https:\/\/uruamerica.com.uy\/urucomer\/wp-json\/wp\/v2\/types\/product"}],"replies":[{"embeddable":true,"href":"https:\/\/uruamerica.com.uy\/urucomer\/wp-json\/wp\/v2\/comments?post=1270"}],"wp:featuredmedia":[{"embeddable":true,"href":"https:\/\/uruamerica.com.uy\/urucomer\/wp-json\/wp\/v2\/media\/1312"}],"wp:attachment":[{"href":"https:\/\/uruamerica.com.uy\/urucomer\/wp-json\/wp\/v2\/media?parent=1270"}],"wp:term":[{"taxonomy":"product_brand","embeddable":true,"href":"https:\/\/uruamerica.com.uy\/urucomer\/wp-json\/wp\/v2\/product_brand?post=1270"},{"taxonomy":"product_cat","embeddable":true,"href":"https:\/\/uruamerica.com.uy\/urucomer\/wp-json\/wp\/v2\/product_cat?post=1270"},{"taxonomy":"product_tag","embeddable":true,"href":"https:\/\/uruamerica.com.uy\/urucomer\/wp-json\/wp\/v2\/product_tag?post=1270"}],"curies":[{"name":"wp","href":"https:\/\/api.w.org\/{rel}","templated":true}]}}